{"id":17,"date":"2022-05-25T03:18:50","date_gmt":"2022-05-25T07:18:50","guid":{"rendered":"https:\/\/sogemec.impulsionmedia.com\/?page_id=17"},"modified":"2024-04-24T22:41:18","modified_gmt":"2024-04-25T02:41:18","slug":"sogemec-assurances","status":"publish","type":"page","link":"https:\/\/sogemec.com\/en\/","title":{"rendered":"Sogemec Assurances"},"content":{"rendered":"<h2>The assurance of great expertise<\/h2>\n<p>THE benchmark in professional insurance and financial services, Sogemec Assurances is a consultant and partner serving the largest associations since 1978. <strong>A subsidiary of the F\u00e9d\u00e9ration des m\u00e9decins sp\u00e9cialistes du Qu\u00e9bec (FMSQ), with the F\u00e9d\u00e9ration des m\u00e9decins omnipraticiens du Qu\u00e9bec (FMOQ) and the Corporation des notaires du Qu\u00e9bec as shareholders<\/strong>, we are one of the largest consulting firms serving more than 19,000 professionals. We are recognized as the only specialized firm devoted to career professionals like you, and we offer all the insurance products and services you\u2019re looking for, including <strong>life, disability, medical and dental care, automobile, home, business<\/strong> and more!<\/p>\n<p>Do you want to protect your assets and properly plan your retirement? Our <strong>financial security<\/strong> advisors can suggest <a href=\"\/en\/wealth-management\/\">investment strategies<\/a> to maximize your savings.<\/p>\n<p><strong>Discover our range of personalized products<\/strong> exclusive to each profession by clicking on your profile to the right.<\/p>\n<p>Do you need professional advice?<br \/>\n<a class=\"btn-bleu-moyen\" href=\"\/en\/advisors\/\">Speak with an advisor<\/a><\/p>\n","protected":false},"excerpt":{"rendered":"<p>The assurance of great expertise THE benchmark in professional insurance and financial services, Sogemec Assurances is a consultant and partner serving the largest associations since 1978. A subsidiary of the F\u00e9d\u00e9ration des m\u00e9decins sp\u00e9cialistes du Qu\u00e9bec (FMSQ), with the F\u00e9d\u00e9ration des m\u00e9decins omnipraticiens du Qu\u00e9bec (FMOQ) and the Corporation des notaires du Qu\u00e9bec as shareholders, [&hellip;]<\/p>\n","protected":false},"author":1,"featured_media":0,"parent":0,"menu_order":0,"comment_status":"closed","ping_status":"closed","template":"custom-home.php","meta":{"_acf_changed":false,"footnotes":""},"class_list":["post-17","page","type-page","status-publish","hentry"],"acf":[],"yoast_head":"<!-- This site is optimized with the Yoast SEO plugin v27.2 - https:\/\/yoast.com\/product\/yoast-seo-wordpress\/ -->\n<title>Sogemec Assurances - Insurance for professionnals<\/title>\n<meta name=\"description\" content=\"Consulting force for the largest associations since 1978 and the reference in professional insurance and financial services. Talk to an advisor.\" \/>\n<meta name=\"robots\" content=\"index, follow, max-snippet:-1, max-image-preview:large, max-video-preview:-1\" \/>\n<link rel=\"canonical\" href=\"https:\/\/sogemec.com\/en\/\" \/>\n<meta property=\"og:locale\" content=\"en_US\" \/>\n<meta property=\"og:type\" content=\"article\" \/>\n<meta property=\"og:title\" content=\"Sogemec Assurances - Insurance for professionnals\" \/>\n<meta property=\"og:description\" content=\"Consulting force for the largest associations since 1978 and the reference in professional insurance and financial services. Talk to an advisor.\" \/>\n<meta property=\"og:url\" content=\"https:\/\/sogemec.com\/en\/\" \/>\n<meta property=\"og:site_name\" content=\"Sogemec Assurances\" \/>\n<meta property=\"article:publisher\" content=\"https:\/\/fr-ca.facebook.com\/sogemec.assurances\/\" \/>\n<meta property=\"article:modified_time\" content=\"2024-04-25T02:41:18+00:00\" \/>\n<meta property=\"og:image\" content=\"https:\/\/sogemec.com\/wp-content\/uploads\/Sogemac-Assurances.png\" \/>\n\t<meta property=\"og:image:width\" content=\"1200\" \/>\n\t<meta property=\"og:image:height\" content=\"675\" \/>\n\t<meta property=\"og:image:type\" content=\"image\/png\" \/>\n<meta name=\"twitter:card\" content=\"summary_large_image\" \/>\n<script type=\"application\/ld+json\" class=\"yoast-schema-graph\">{\"@context\":\"https:\/\/schema.org\",\"@graph\":[{\"@type\":\"WebPage\",\"@id\":\"https:\/\/sogemec.com\/en\/\",\"url\":\"https:\/\/sogemec.com\/en\/\",\"name\":\"Sogemec Assurances - Insurance for professionnals\",\"isPartOf\":{\"@id\":\"https:\/\/sogemec.com\/en\/#website\"},\"datePublished\":\"2022-05-25T07:18:50+00:00\",\"dateModified\":\"2024-04-25T02:41:18+00:00\",\"description\":\"Consulting force for the largest associations since 1978 and the reference in professional insurance and financial services. Talk to an advisor.\",\"breadcrumb\":{\"@id\":\"https:\/\/sogemec.com\/en\/#breadcrumb\"},\"inLanguage\":\"en-US\",\"potentialAction\":[{\"@type\":\"ReadAction\",\"target\":[\"https:\/\/sogemec.com\/en\/\"]}]},{\"@type\":\"BreadcrumbList\",\"@id\":\"https:\/\/sogemec.com\/en\/#breadcrumb\",\"itemListElement\":[{\"@type\":\"ListItem\",\"position\":1,\"name\":\"Accueil\",\"item\":\"https:\/\/sogemec.com\/en\/\"},{\"@type\":\"ListItem\",\"position\":2,\"name\":\"Sogemec Assurances\"}]},{\"@type\":\"WebSite\",\"@id\":\"https:\/\/sogemec.com\/en\/#website\",\"url\":\"https:\/\/sogemec.com\/en\/\",\"name\":\"Sogemec Assurances\",\"description\":\"Cabinet en services financiers pour professionnels depuis 1978\",\"publisher\":{\"@id\":\"https:\/\/sogemec.com\/en\/#organization\"},\"potentialAction\":[{\"@type\":\"SearchAction\",\"target\":{\"@type\":\"EntryPoint\",\"urlTemplate\":\"https:\/\/sogemec.com\/en\/?s={search_term_string}\"},\"query-input\":{\"@type\":\"PropertyValueSpecification\",\"valueRequired\":true,\"valueName\":\"search_term_string\"}}],\"inLanguage\":\"en-US\"},{\"@type\":\"Organization\",\"@id\":\"https:\/\/sogemec.com\/en\/#organization\",\"name\":\"Sogemec Assurances\",\"url\":\"https:\/\/sogemec.com\/en\/\",\"logo\":{\"@type\":\"ImageObject\",\"inLanguage\":\"en-US\",\"@id\":\"https:\/\/sogemec.com\/en\/#\/schema\/logo\/image\/\",\"url\":\"https:\/\/sogemec.com\/wp-content\/uploads\/Sogemec-Assurances-Logo.png\",\"contentUrl\":\"https:\/\/sogemec.com\/wp-content\/uploads\/Sogemec-Assurances-Logo.png\",\"width\":300,\"height\":126,\"caption\":\"Sogemec Assurances\"},\"image\":{\"@id\":\"https:\/\/sogemec.com\/en\/#\/schema\/logo\/image\/\"},\"sameAs\":[\"https:\/\/fr-ca.facebook.com\/sogemec.assurances\/\",\"https:\/\/ca.linkedin.com\/company\/sogemec-assurances\"]}]}<\/script>\n<!-- \/ Yoast SEO plugin. -->","yoast_head_json":{"title":"Sogemec Assurances - Insurance for professionnals","description":"Consulting force for the largest associations since 1978 and the reference in professional insurance and financial services. Talk to an advisor.","robots":{"index":"index","follow":"follow","max-snippet":"max-snippet:-1","max-image-preview":"max-image-preview:large","max-video-preview":"max-video-preview:-1"},"canonical":"https:\/\/sogemec.com\/en\/","og_locale":"en_US","og_type":"article","og_title":"Sogemec Assurances - Insurance for professionnals","og_description":"Consulting force for the largest associations since 1978 and the reference in professional insurance and financial services. Talk to an advisor.","og_url":"https:\/\/sogemec.com\/en\/","og_site_name":"Sogemec Assurances","article_publisher":"https:\/\/fr-ca.facebook.com\/sogemec.assurances\/","article_modified_time":"2024-04-25T02:41:18+00:00","og_image":[{"width":1200,"height":675,"url":"https:\/\/sogemec.com\/wp-content\/uploads\/Sogemac-Assurances.png","type":"image\/png"}],"twitter_card":"summary_large_image","schema":{"@context":"https:\/\/schema.org","@graph":[{"@type":"WebPage","@id":"https:\/\/sogemec.com\/en\/","url":"https:\/\/sogemec.com\/en\/","name":"Sogemec Assurances - Insurance for professionnals","isPartOf":{"@id":"https:\/\/sogemec.com\/en\/#website"},"datePublished":"2022-05-25T07:18:50+00:00","dateModified":"2024-04-25T02:41:18+00:00","description":"Consulting force for the largest associations since 1978 and the reference in professional insurance and financial services. Talk to an advisor.","breadcrumb":{"@id":"https:\/\/sogemec.com\/en\/#breadcrumb"},"inLanguage":"en-US","potentialAction":[{"@type":"ReadAction","target":["https:\/\/sogemec.com\/en\/"]}]},{"@type":"BreadcrumbList","@id":"https:\/\/sogemec.com\/en\/#breadcrumb","itemListElement":[{"@type":"ListItem","position":1,"name":"Accueil","item":"https:\/\/sogemec.com\/en\/"},{"@type":"ListItem","position":2,"name":"Sogemec Assurances"}]},{"@type":"WebSite","@id":"https:\/\/sogemec.com\/en\/#website","url":"https:\/\/sogemec.com\/en\/","name":"Sogemec Assurances","description":"Cabinet en services financiers pour professionnels depuis 1978","publisher":{"@id":"https:\/\/sogemec.com\/en\/#organization"},"potentialAction":[{"@type":"SearchAction","target":{"@type":"EntryPoint","urlTemplate":"https:\/\/sogemec.com\/en\/?s={search_term_string}"},"query-input":{"@type":"PropertyValueSpecification","valueRequired":true,"valueName":"search_term_string"}}],"inLanguage":"en-US"},{"@type":"Organization","@id":"https:\/\/sogemec.com\/en\/#organization","name":"Sogemec Assurances","url":"https:\/\/sogemec.com\/en\/","logo":{"@type":"ImageObject","inLanguage":"en-US","@id":"https:\/\/sogemec.com\/en\/#\/schema\/logo\/image\/","url":"https:\/\/sogemec.com\/wp-content\/uploads\/Sogemec-Assurances-Logo.png","contentUrl":"https:\/\/sogemec.com\/wp-content\/uploads\/Sogemec-Assurances-Logo.png","width":300,"height":126,"caption":"Sogemec Assurances"},"image":{"@id":"https:\/\/sogemec.com\/en\/#\/schema\/logo\/image\/"},"sameAs":["https:\/\/fr-ca.facebook.com\/sogemec.assurances\/","https:\/\/ca.linkedin.com\/company\/sogemec-assurances"]}]}},"_links":{"self":[{"href":"https:\/\/sogemec.com\/en\/wp-json\/wp\/v2\/pages\/17","targetHints":{"allow":["GET"]}}],"collection":[{"href":"https:\/\/sogemec.com\/en\/wp-json\/wp\/v2\/pages"}],"about":[{"href":"https:\/\/sogemec.com\/en\/wp-json\/wp\/v2\/types\/page"}],"author":[{"embeddable":true,"href":"https:\/\/sogemec.com\/en\/wp-json\/wp\/v2\/users\/1"}],"replies":[{"embeddable":true,"href":"https:\/\/sogemec.com\/en\/wp-json\/wp\/v2\/comments?post=17"}],"version-history":[{"count":11,"href":"https:\/\/sogemec.com\/en\/wp-json\/wp\/v2\/pages\/17\/revisions"}],"predecessor-version":[{"id":3099,"href":"https:\/\/sogemec.com\/en\/wp-json\/wp\/v2\/pages\/17\/revisions\/3099"}],"wp:attachment":[{"href":"https:\/\/sogemec.com\/en\/wp-json\/wp\/v2\/media?parent=17"}],"curies":[{"name":"wp","href":"https:\/\/api.w.org\/{rel}","templated":true}]}}